{"id":801,"date":"2022-04-04T12:57:00","date_gmt":"2022-04-04T12:57:00","guid":{"rendered":"https:\/\/bslthemes.com\/kaffen\/?page_id=801"},"modified":"2025-05-12T17:54:56","modified_gmt":"2025-05-12T14:54:56","slug":"contacts","status":"publish","type":"page","link":"http:\/\/hekimoglubaklava.de\/?page_id=801","title":{"rendered":"Contacts"},"content":{"rendered":"\t\t<div data-elementor-type=\"wp-page\" data-elementor-id=\"801\" class=\"elementor elementor-801\">\n\t\t\t\t\t\t<section class=\"elementor-section elementor-top-section elementor-element elementor-element-dd512ed elementor-section-full_width elementor-section-height-default elementor-section-height-default\" data-id=\"dd512ed\" data-element_type=\"section\">\n\t\t\t\t\t\t<div class=\"elementor-container elementor-column-gap-no\">\n\t\t\t\t\t<div class=\"elementor-column elementor-col-100 elementor-top-column elementor-element elementor-element-ddd34ec\" data-id=\"ddd34ec\" data-element_type=\"column\">\n\t\t\t<div class=\"elementor-widget-wrap elementor-element-populated\">\n\t\t\t\t\t\t<div class=\"elementor-element elementor-element-1a134e3 elementor-widget elementor-widget-kaffen-started\" data-id=\"1a134e3\" data-element_type=\"widget\" data-widget_type=\"kaffen-started.default\">\n\t\t\t\t<div class=\"elementor-widget-container\">\n\t\t\t\t\t\n    <!-- Section Started Inner -->\n    <section class=\"section kf-started-inner\">\n      <div class=\"kf-parallax-bg js-parallax\" style=\"background-image: url('http:\/\/hekimoglubaklava.de\/wp-content\/uploads\/2023\/03\/1-Kopie-scaled.jpg');\"><\/div>\n\t  <div class=\"container\">\n                <h1 class=\"kf-h-title text-anim-1 scroll-animate\" data-splitting=\"chars\" data-animate=\"active\">\n          <span >\n            \u0130leti\u015fim          <\/span>\n        <\/h1>\n        \n\t\t\t\t      <\/div>\n    <\/section>\n\n\t\t\t\t\t\t<\/div>\n\t\t\t\t<\/div>\n\t\t\t\t\t<\/div>\n\t\t<\/div>\n\t\t\t\t\t<\/div>\n\t\t<\/section>\n\t\t\t\t<section class=\"elementor-section elementor-top-section elementor-element elementor-element-8f8ac44 elementor-section-full_width elementor-section-height-default elementor-section-height-default\" data-id=\"8f8ac44\" data-element_type=\"section\">\n\t\t\t\t\t\t<div class=\"elementor-container elementor-column-gap-no\">\n\t\t\t\t\t<div class=\"elementor-column elementor-col-100 elementor-top-column elementor-element elementor-element-d6dc54b\" data-id=\"d6dc54b\" data-element_type=\"column\">\n\t\t\t<div class=\"elementor-widget-wrap elementor-element-populated\">\n\t\t\t\t\t\t<div class=\"elementor-element elementor-element-f6a87eb elementor-widget elementor-widget-kaffen-contact-info\" data-id=\"f6a87eb\" data-element_type=\"widget\" data-widget_type=\"kaffen-contact-info.default\">\n\t\t\t\t<div class=\"elementor-widget-container\">\n\t\t\t\t\t\n\t\t<!-- Section Contacts Info -->\n\t\t<section class=\"section kf-contacts-info\">\n\t\t\t<div class=\"container\">\n\t\t\t\t\t\t\t\t<div class=\"kf-contacts-items row\">\n\t\t\t\t\t\t\t\t\t\t<div class=\"col-xs-12 col-sm-12 col-md-6 col-lg-4 align-center\">\n\t\t\t\t\t\t<div class=\"kf-contacts-item element-anim-1 scroll-animate\" data-animate=\"active\">\n\t\t\t\t\t\t\t\t\t\t\t\t\t\t<div class=\"image\">\n\t\t\t\t\t\t\t\t<i aria-hidden=\"true\" class=\"far la-map\"><\/i>\t\t\t\t\t\t\t<\/div>\n\t\t\t\t\t\t\t\t\t\t\t\t\t\t<div class=\"desc\">\n\t\t\t\t\t\t\t\t\t\t\t\t\t\t\t\t<h5 class=\"name\">\n\t\t\t\t\t\t\t\t\t<span >\n                    Adres                  <\/span>\n\t\t\t\t\t\t\t\t<\/h5>\n\t\t\t\t\t\t\t\t\t\t\t\t\t\t\t\t\t\t\t\t\t\t\t\t<ul>\n\t\t\t\t\t\t\t\t\t<li>\n\t\t\t\t\t\t\t\t\t\t<div >\n\t                    <p><strong>Produktion:<\/strong><br \/>Hansa Str 27<br \/>41066 M\u00f6nchengladbach<\/p><p><strong>Filiale M\u00f6nchengladbach:<\/strong><br \/>Erzberger Str 95-97<br \/>41061 M\u00f6nchengladbach<\/p><p><strong>Filiale D\u00fcsseldorf:<\/strong><br \/>Mergelgasse 1 <br \/>40591 D\u00fcsseldorf<\/p><p><strong>Filiale K\u00f6ln:<\/strong><br \/>Venloer Str. 221<br \/>50823 K\u00f6ln<br \/><br \/><\/p>\t                  <\/div>\n\t\t\t\t\t\t\t\t\t<\/li>\n\t\t\t\t\t\t\t\t<\/ul>\n\t\t\t\t\t\t\t\t\t\t\t\t\t\t\t<\/div>\n\t\t\t\t\t\t<\/div>\n\t\t\t\t\t<\/div>\n\t\t\t\t\t\t\t\t\t\t<div class=\"col-xs-12 col-sm-12 col-md-6 col-lg-4 align-center\">\n\t\t\t\t\t\t<div class=\"kf-contacts-item element-anim-1 scroll-animate\" data-animate=\"active\">\n\t\t\t\t\t\t\t\t\t\t\t\t\t\t<div class=\"image\">\n\t\t\t\t\t\t\t\t<i aria-hidden=\"true\" class=\"far la-envelope\"><\/i>\t\t\t\t\t\t\t<\/div>\n\t\t\t\t\t\t\t\t\t\t\t\t\t\t<div class=\"desc\">\n\t\t\t\t\t\t\t\t\t\t\t\t\t\t\t\t<h5 class=\"name\">\n\t\t\t\t\t\t\t\t\t<span >\n                    Bize Yaz\u0131n                  <\/span>\n\t\t\t\t\t\t\t\t<\/h5>\n\t\t\t\t\t\t\t\t\t\t\t\t\t\t\t\t\t\t\t\t\t\t\t\t<ul>\n\t\t\t\t\t\t\t\t\t<li>\n\t\t\t\t\t\t\t\t\t\t<div >\n\t                    <p>info@hekimoglubaklava.de<\/p>\t                  <\/div>\n\t\t\t\t\t\t\t\t\t<\/li>\n\t\t\t\t\t\t\t\t<\/ul>\n\t\t\t\t\t\t\t\t\t\t\t\t\t\t\t<\/div>\n\t\t\t\t\t\t<\/div>\n\t\t\t\t\t<\/div>\n\t\t\t\t\t\t\t\t\t\t<div class=\"col-xs-12 col-sm-12 col-md-6 col-lg-4 align-center\">\n\t\t\t\t\t\t<div class=\"kf-contacts-item element-anim-1 scroll-animate\" data-animate=\"active\">\n\t\t\t\t\t\t\t\t\t\t\t\t\t\t<div class=\"image\">\n\t\t\t\t\t\t\t\t<i aria-hidden=\"true\" class=\"las la-headset\"><\/i>\t\t\t\t\t\t\t<\/div>\n\t\t\t\t\t\t\t\t\t\t\t\t\t\t<div class=\"desc\">\n\t\t\t\t\t\t\t\t\t\t\t\t\t\t\t\t<h5 class=\"name\">\n\t\t\t\t\t\t\t\t\t<span >\n                    Bizi Aray\u0131n                  <\/span>\n\t\t\t\t\t\t\t\t<\/h5>\n\t\t\t\t\t\t\t\t\t\t\t\t\t\t\t\t\t\t\t\t\t\t\t\t<ul>\n\t\t\t\t\t\t\t\t\t<li>\n\t\t\t\t\t\t\t\t\t\t<div >\n\t                    <p><a href=\"https:\/\/www.google.com\/search?gs_ssp=eJzj4tVP1zc0LCozMipPM0oxYLRSNagwMU-ySE4ySzUwNjUxtjQwtgIKWSYnpZonJiYlmplYGJiZewllpGZn5uYfmZ9TqpCUmJ2TWJYIAA2XFrk&amp;q=hekimo%C4%9Flu+baklava&amp;oq=HE&amp;aqs=chrome.1.35i39i355j46i39i175i199j69i57j69i60l5.1899j0j7&amp;sourceid=chrome&amp;ie=UTF-8#\" data-dtype=\"d3ph\" data-local-attribute=\"d3ph\" data-ved=\"2ahUKEwj56O2wt-X9AhVS2KQKHUExBOMQkAgoAHoECEQQAw\"><span aria-label=\"0176 83104077 Numaral\u0131 Telefonu Ara\">0176 83104077<\/span><\/a><\/p>\t                  <\/div>\n\t\t\t\t\t\t\t\t\t<\/li>\n\t\t\t\t\t\t\t\t<\/ul>\n\t\t\t\t\t\t\t\t\t\t\t\t\t\t\t<\/div>\n\t\t\t\t\t\t<\/div>\n\t\t\t\t\t<\/div>\n\t\t\t\t\t\t\t\t\t<\/div>\n\t\t\t\t\t\t\t<\/div>\n\t\t<\/section>\n\n\t\t\t\t\t\t<\/div>\n\t\t\t\t<\/div>\n\t\t\t\t\t<\/div>\n\t\t<\/div>\n\t\t\t\t\t<\/div>\n\t\t<\/section>\n\t\t\t\t<section class=\"elementor-section elementor-top-section elementor-element elementor-element-8b72187 elementor-section-full_width elementor-section-height-default elementor-section-height-default\" data-id=\"8b72187\" data-element_type=\"section\">\n\t\t\t\t\t\t<div class=\"elementor-container elementor-column-gap-no\">\n\t\t\t\t\t<div class=\"elementor-column elementor-col-100 elementor-top-column elementor-element elementor-element-34629ad\" data-id=\"34629ad\" data-element_type=\"column\">\n\t\t\t<div class=\"elementor-widget-wrap elementor-element-populated\">\n\t\t\t\t\t\t<div class=\"elementor-element elementor-element-4dbb524 elementor-widget elementor-widget-kaffen-contact-form\" data-id=\"4dbb524\" data-element_type=\"widget\" data-widget_type=\"kaffen-contact-form.default\">\n\t\t\t\t<div class=\"elementor-widget-container\">\n\t\t\t\t\t\n    <!-- Section Contacts Form -->\n    <section class=\"section kf-contacts-form\">\n      <div class=\"container\">\n\n        <div class=\"kf-reservation-form element-anim-1 scroll-animate\" data-animate=\"active\">\n                    <div class=\"kf-titles align-center\">\n                        <div class=\"kf-subtitle\">\n              <span >\n                \u0130leti\u015fim              <\/span>\n            <\/div>\n                                    <h3 class=\"kf-title\">\n              <span >\n                Bize Mesaj G\u00f6nderin              <\/span>\n            <\/h3>\n                      <\/div>\n          \n          \n<div class=\"wpcf7 no-js\" id=\"wpcf7-f810-o1\" lang=\"en-US\" dir=\"ltr\" data-wpcf7-id=\"810\">\n<div class=\"screen-reader-response\"><p role=\"status\" aria-live=\"polite\" aria-atomic=\"true\"><\/p> <ul><\/ul><\/div>\n<form action=\"\/index.php?rest_route=%2Fwp%2Fv2%2Fpages%2F801#wpcf7-f810-o1\" method=\"post\" class=\"wpcf7-form init mailchimp-ext-0.5.72\" aria-label=\"Contact form\" novalidate=\"novalidate\" data-status=\"init\">\n<div style=\"display: none;\">\n<input type=\"hidden\" name=\"_wpcf7\" value=\"810\" \/>\n<input type=\"hidden\" name=\"_wpcf7_version\" value=\"6.0.6\" \/>\n<input type=\"hidden\" name=\"_wpcf7_locale\" value=\"en_US\" \/>\n<input type=\"hidden\" name=\"_wpcf7_unit_tag\" value=\"wpcf7-f810-o1\" \/>\n<input type=\"hidden\" name=\"_wpcf7_container_post\" value=\"0\" \/>\n<input type=\"hidden\" name=\"_wpcf7_posted_data_hash\" value=\"\" \/>\n<\/div>\n<div class=\"row\">\n  <div class=\"col-xs-12 col-sm-12 col-md-12 col-lg-4\">\n    <div class=\"kf-field\">\n      <span class=\"wpcf7-form-control-wrap\" data-name=\"cf_name\"><input size=\"40\" maxlength=\"400\" class=\"wpcf7-form-control wpcf7-text wpcf7-validates-as-required\" aria-required=\"true\" aria-invalid=\"false\" placeholder=\"Full Name\" value=\"\" type=\"text\" name=\"cf_name\" \/><\/span>\n      <i class=\"far fa-user\"><\/i>\n    <\/div>\n  <\/div>\n  <div class=\"col-xs-12 col-sm-12 col-md-12 col-lg-4\">\n    <div class=\"kf-field\">\n      <span class=\"wpcf7-form-control-wrap\" data-name=\"cf_email\"><input size=\"40\" maxlength=\"400\" class=\"wpcf7-form-control wpcf7-email wpcf7-validates-as-required wpcf7-text wpcf7-validates-as-email\" aria-required=\"true\" aria-invalid=\"false\" placeholder=\"Email\" value=\"\" type=\"email\" name=\"cf_email\" \/><\/span>\n      <i class=\"fas fa-at\"><\/i>\n    <\/div>\n  <\/div>\n  <div class=\"col-xs-12 col-sm-12 col-md-12 col-lg-4\">\n    <div class=\"kf-field\">\n      <span class=\"wpcf7-form-control-wrap\" data-name=\"cf_phone\"><input size=\"40\" maxlength=\"400\" class=\"wpcf7-form-control wpcf7-tel wpcf7-validates-as-required wpcf7-text wpcf7-validates-as-tel\" aria-required=\"true\" aria-invalid=\"false\" placeholder=\"Phone\" value=\"\" type=\"tel\" name=\"cf_phone\" \/><\/span>\n      <i class=\"fas fa-mobile-alt\"><\/i>\n    <\/div>\n  <\/div>\n  <div class=\"col-xs-12 col-sm-12 col-md-12 col-lg-12\">\n    <div class=\"kf-field\">\n      <span class=\"wpcf7-form-control-wrap\" data-name=\"cf_subject\"><input size=\"40\" maxlength=\"400\" class=\"wpcf7-form-control wpcf7-text wpcf7-validates-as-required\" aria-required=\"true\" aria-invalid=\"false\" placeholder=\"Subject\" value=\"\" type=\"text\" name=\"cf_subject\" \/><\/span>\n    <\/div>\n  <\/div>\n  <div class=\"col-xs-12 col-sm-12 col-md-12 col-lg-12\">\n    <div class=\"kf-field\">\n      <span class=\"wpcf7-form-control-wrap\" data-name=\"cf_message\"><textarea cols=\"40\" rows=\"10\" maxlength=\"2000\" class=\"wpcf7-form-control wpcf7-textarea wpcf7-validates-as-required\" aria-required=\"true\" aria-invalid=\"false\" placeholder=\"Message\" name=\"cf_message\"><\/textarea><\/span>\n    <\/div>\n  <\/div>\n  <div class=\"col-xs-12 col-sm-12 col-md-12 col-lg-12\">\n    <div class=\"kf-bts\">\n      <button type=\"submit\" class=\"kf-btn\">\n        <span>Send us message<\/span>\n        <i class=\"fas fa-chevron-right\"><\/i>\n      <\/button>\n    <\/div>\n  <\/div>\n<\/div><div class=\"wpcf7-response-output\" aria-hidden=\"true\"><\/div><p style=\"display: none !important\"><span class=\"wpcf7-form-control-wrap referer-page\"><input type=\"hidden\" name=\"referer-page\" value=\"http:\/\/Direct%20Visit\" data-value=\"http:\/\/Direct%20Visit\" class=\"wpcf7-form-control wpcf7-text referer-page\" aria-invalid=\"false\"><\/span><\/p>\n<!-- Chimpmatic extension by Renzo Johnson -->\n<\/form>\n<\/div>\n        <\/div>\n\n      <\/div>\n    <\/section>\n\n\t\t\t\t\t\t<\/div>\n\t\t\t\t<\/div>\n\t\t\t\t\t<\/div>\n\t\t<\/div>\n\t\t\t\t\t<\/div>\n\t\t<\/section>\n\t\t\t\t<section class=\"elementor-section elementor-top-section elementor-element elementor-element-9b63b45 elementor-section-full_width elementor-section-height-default elementor-section-height-default\" data-id=\"9b63b45\" data-element_type=\"section\">\n\t\t\t\t\t\t<div class=\"elementor-container elementor-column-gap-no\">\n\t\t\t\t\t<div class=\"elementor-column elementor-col-100 elementor-top-column elementor-element elementor-element-6b2eb3f\" data-id=\"6b2eb3f\" data-element_type=\"column\">\n\t\t\t<div class=\"elementor-widget-wrap elementor-element-populated\">\n\t\t\t\t\t\t<div class=\"elementor-element elementor-element-97b0921 elementor-widget elementor-widget-google_maps\" data-id=\"97b0921\" data-element_type=\"widget\" data-widget_type=\"google_maps.default\">\n\t\t\t\t<div class=\"elementor-widget-container\">\n\t\t\t\t\t\t\t<div class=\"elementor-custom-embed\">\n\t\t\t<iframe loading=\"lazy\"\n\t\t\t\t\tsrc=\"https:\/\/maps.google.com\/maps?q=Mergelgasse%201%2C%2040591%20D%C3%BCsseldorf&#038;t=m&#038;z=14&#038;output=embed&#038;iwloc=near\"\n\t\t\t\t\ttitle=\"Mergelgasse 1, 40591 D\u00fcsseldorf\"\n\t\t\t\t\taria-label=\"Mergelgasse 1, 40591 D\u00fcsseldorf\"\n\t\t\t><\/iframe>\n\t\t<\/div>\n\t\t\t\t\t\t<\/div>\n\t\t\t\t<\/div>\n\t\t\t\t\t<\/div>\n\t\t<\/div>\n\t\t\t\t\t<\/div>\n\t\t<\/section>\n\t\t\t\t<section class=\"elementor-section elementor-top-section elementor-element elementor-element-5ee8015 elementor-section-full_width elementor-section-height-default elementor-section-height-default\" data-id=\"5ee8015\" data-element_type=\"section\">\n\t\t\t\t\t\t<div class=\"elementor-container elementor-column-gap-no\">\n\t\t\t\t\t<div class=\"elementor-column elementor-col-100 elementor-top-column elementor-element elementor-element-1ca3878\" data-id=\"1ca3878\" data-element_type=\"column\">\n\t\t\t<div class=\"elementor-widget-wrap\">\n\t\t\t\t\t\t\t<\/div>\n\t\t<\/div>\n\t\t\t\t\t<\/div>\n\t\t<\/section>\n\t\t\t\t<section class=\"elementor-section elementor-top-section elementor-element elementor-element-a8de42d elementor-section-full_width elementor-section-height-default elementor-section-height-default\" data-id=\"a8de42d\" data-element_type=\"section\">\n\t\t\t\t\t\t<div class=\"elementor-container elementor-column-gap-no\">\n\t\t\t\t\t<div class=\"elementor-column elementor-col-100 elementor-top-column elementor-element elementor-element-5c7e58c\" data-id=\"5c7e58c\" data-element_type=\"column\">\n\t\t\t<div class=\"elementor-widget-wrap elementor-element-populated\">\n\t\t\t\t\t\t<div class=\"elementor-element elementor-element-f5993e0 elementor-widget elementor-widget-kaffen-instagram-carousel\" data-id=\"f5993e0\" data-element_type=\"widget\" data-widget_type=\"kaffen-instagram-carousel.default\">\n\t\t\t\t<div class=\"elementor-widget-container\">\n\t\t\t\t\t\n\t\t<!-- Section Insta Carousel -->\n\t\t<section class=\"section kf-insta-carousel element-anim-1 scroll-animate\" data-animate=\"active\">\n\t\t\t<div class=\"container\">\n\t\t\t\t<div class=\"swiper-container\">\n\n\t\t\t\t\t<div class=\"swiper-wrapper\">\n\t\t\t\t\t\t\t\t\t\t\t\t\t\t\t\t\t\t\t\t\t\t\t\t<div class=\"swiper-slide\">\n\t\t\t\t\t\t\t<div class=\"slide-item\">\n\t\t\t\t\t\t\t\t<div class=\"image kf-image-hover\">\n\t\t\t\t\t\t\t\t\t\t\t\t\t\t\t\t\t\t<a href=\"https:\/\/www.instagram.com\/hekimoglu_baklavalari_\/\" target=\"_blank\">\n\t\t\t\t\t\t\t\t\t\t<img decoding=\"async\" src=\"http:\/\/hekimoglubaklava.de\/wp-content\/uploads\/2022\/04\/1.jpg\" alt=\"Item #1\" \/>\n\t\t\t\t\t\t\t\t\t\t<i class=\"fab fa-instagram\"><\/i>\n\t\t\t\t\t\t\t\t\t<\/a>\n\t\t\t\t\t\t\t\t\t\t\t\t\t\t\t\t\t<\/div>\n\t\t\t\t\t\t\t<\/div>\n\t\t\t\t\t\t<\/div>\n\t\t\t\t\t\t\t\t\t\t\t\t<div class=\"swiper-slide\">\n\t\t\t\t\t\t\t<div class=\"slide-item\">\n\t\t\t\t\t\t\t\t<div class=\"image kf-image-hover\">\n\t\t\t\t\t\t\t\t\t\t\t\t\t\t\t\t\t\t<a href=\"https:\/\/www.instagram.com\/hekimoglu_baklavalari_\/\" target=\"_blank\">\n\t\t\t\t\t\t\t\t\t\t<img decoding=\"async\" src=\"http:\/\/hekimoglubaklava.de\/wp-content\/uploads\/2022\/04\/21.jpg\" alt=\"Item #2\" \/>\n\t\t\t\t\t\t\t\t\t\t<i class=\"fab fa-instagram\"><\/i>\n\t\t\t\t\t\t\t\t\t<\/a>\n\t\t\t\t\t\t\t\t\t\t\t\t\t\t\t\t\t<\/div>\n\t\t\t\t\t\t\t<\/div>\n\t\t\t\t\t\t<\/div>\n\t\t\t\t\t\t\t\t\t\t\t\t<div class=\"swiper-slide\">\n\t\t\t\t\t\t\t<div class=\"slide-item\">\n\t\t\t\t\t\t\t\t<div class=\"image kf-image-hover\">\n\t\t\t\t\t\t\t\t\t\t\t\t\t\t\t\t\t\t<a href=\"https:\/\/www.instagram.com\/hekimoglu_baklavalari_\/\" target=\"_blank\">\n\t\t\t\t\t\t\t\t\t\t<img decoding=\"async\" src=\"http:\/\/hekimoglubaklava.de\/wp-content\/uploads\/2022\/04\/16.jpg\" alt=\"Item #3\" \/>\n\t\t\t\t\t\t\t\t\t\t<i class=\"fab fa-instagram\"><\/i>\n\t\t\t\t\t\t\t\t\t<\/a>\n\t\t\t\t\t\t\t\t\t\t\t\t\t\t\t\t\t<\/div>\n\t\t\t\t\t\t\t<\/div>\n\t\t\t\t\t\t<\/div>\n\t\t\t\t\t\t\t\t\t\t\t\t<div class=\"swiper-slide\">\n\t\t\t\t\t\t\t<div class=\"slide-item\">\n\t\t\t\t\t\t\t\t<div class=\"image kf-image-hover\">\n\t\t\t\t\t\t\t\t\t\t\t\t\t\t\t\t\t\t<a href=\"https:\/\/www.instagram.com\/hekimoglu_baklavalari_\/\" target=\"_blank\">\n\t\t\t\t\t\t\t\t\t\t<img decoding=\"async\" src=\"http:\/\/hekimoglubaklava.de\/wp-content\/uploads\/2022\/04\/12.jpg\" alt=\"Item #4\" \/>\n\t\t\t\t\t\t\t\t\t\t<i class=\"fab fa-instagram\"><\/i>\n\t\t\t\t\t\t\t\t\t<\/a>\n\t\t\t\t\t\t\t\t\t\t\t\t\t\t\t\t\t<\/div>\n\t\t\t\t\t\t\t<\/div>\n\t\t\t\t\t\t<\/div>\n\t\t\t\t\t\t\t\t\t\t\t\t<div class=\"swiper-slide\">\n\t\t\t\t\t\t\t<div class=\"slide-item\">\n\t\t\t\t\t\t\t\t<div class=\"image kf-image-hover\">\n\t\t\t\t\t\t\t\t\t\t\t\t\t\t\t\t\t\t<a href=\"https:\/\/www.instagram.com\/hekimoglu_baklavalari_\/\" target=\"_blank\">\n\t\t\t\t\t\t\t\t\t\t<img decoding=\"async\" src=\"http:\/\/hekimoglubaklava.de\/wp-content\/uploads\/2022\/04\/18.jpg\" alt=\"Item #5\" \/>\n\t\t\t\t\t\t\t\t\t\t<i class=\"fab fa-instagram\"><\/i>\n\t\t\t\t\t\t\t\t\t<\/a>\n\t\t\t\t\t\t\t\t\t\t\t\t\t\t\t\t\t<\/div>\n\t\t\t\t\t\t\t<\/div>\n\t\t\t\t\t\t<\/div>\n\t\t\t\t\t\t\t\t\t\t\t\t<div class=\"swiper-slide\">\n\t\t\t\t\t\t\t<div class=\"slide-item\">\n\t\t\t\t\t\t\t\t<div class=\"image kf-image-hover\">\n\t\t\t\t\t\t\t\t\t\t\t\t\t\t\t\t\t\t<a href=\"https:\/\/www.instagram.com\/hekimoglu_baklavalari_\/\" target=\"_blank\">\n\t\t\t\t\t\t\t\t\t\t<img decoding=\"async\" src=\"http:\/\/hekimoglubaklava.de\/wp-content\/uploads\/2022\/04\/midye-scaled.jpg\" alt=\"Item #6\" \/>\n\t\t\t\t\t\t\t\t\t\t<i class=\"fab fa-instagram\"><\/i>\n\t\t\t\t\t\t\t\t\t<\/a>\n\t\t\t\t\t\t\t\t\t\t\t\t\t\t\t\t\t<\/div>\n\t\t\t\t\t\t\t<\/div>\n\t\t\t\t\t\t<\/div>\n\t\t\t\t\t\t\t\t\t\t\t\t\t\t\t\t\t\t\t\t\t\t\t<\/div>\n\t\t\t\t<\/div>\n\t\t\t<\/div>\n\t\t<\/section>\n\n\t\t\t\t\t\t<\/div>\n\t\t\t\t<\/div>\n\t\t\t\t\t<\/div>\n\t\t<\/div>\n\t\t\t\t\t<\/div>\n\t\t<\/section>\n\t\t\t\t<\/div>\n\t\t","protected":false},"excerpt":{"rendered":"<p>\u0130leti\u015fim Adres Produktion:Hansa Str 2741066 M\u00f6nchengladbach Filiale M\u00f6nchengladbach:Erzberger Str 95-9741061 M\u00f6nchengladbach Filiale D\u00fcsseldorf:Mergelgasse 1 40591 D\u00fcsseldorf Filiale K\u00f6ln:Venloer Str. 22150823 K\u00f6ln Bize Yaz\u0131n info@hekimoglubaklava.de Bizi Aray\u0131n 0176 83104077 \u0130leti\u015fim Bize Mesaj G\u00f6nderin Send us message<\/p>\n","protected":false},"author":1,"featured_media":0,"parent":0,"menu_order":0,"comment_status":"closed","ping_status":"closed","template":"template-layout-builder.php","meta":{"footnotes":""},"class_list":["post-801","page","type-page","status-publish","hentry"],"acf":[],"_links":{"self":[{"href":"http:\/\/hekimoglubaklava.de\/index.php?rest_route=\/wp\/v2\/pages\/801","targetHints":{"allow":["GET"]}}],"collection":[{"href":"http:\/\/hekimoglubaklava.de\/index.php?rest_route=\/wp\/v2\/pages"}],"about":[{"href":"http:\/\/hekimoglubaklava.de\/index.php?rest_route=\/wp\/v2\/types\/page"}],"author":[{"embeddable":true,"href":"http:\/\/hekimoglubaklava.de\/index.php?rest_route=\/wp\/v2\/users\/1"}],"replies":[{"embeddable":true,"href":"http:\/\/hekimoglubaklava.de\/index.php?rest_route=%2Fwp%2Fv2%2Fcomments&post=801"}],"version-history":[{"count":16,"href":"http:\/\/hekimoglubaklava.de\/index.php?rest_route=\/wp\/v2\/pages\/801\/revisions"}],"predecessor-version":[{"id":2070,"href":"http:\/\/hekimoglubaklava.de\/index.php?rest_route=\/wp\/v2\/pages\/801\/revisions\/2070"}],"wp:attachment":[{"href":"http:\/\/hekimoglubaklava.de\/index.php?rest_route=%2Fwp%2Fv2%2Fmedia&parent=801"}],"curies":[{"name":"wp","href":"https:\/\/api.w.org\/{rel}","templated":true}]}}